{"id":29,"date":"2022-01-29T12:51:18","date_gmt":"2022-01-29T12:51:18","guid":{"rendered":"http:\/\/192.168.2.253\/wordpress\/?page_id=29"},"modified":"2022-04-04T09:50:34","modified_gmt":"2022-04-04T09:50:34","slug":"m","status":"publish","type":"page","link":"https:\/\/xgest.desktoppuntocom.es\/xgest\/","title":{"rendered":"Por que usar XgestEVO"},"content":{"rendered":"\n<div class=\"wp-block-buttons alignfull is-content-justification-center is-layout-flex wp-container-core-buttons-is-layout-16018d1d wp-block-buttons-is-layout-flex\">\n<div class=\"wp-block-button\"><a class=\"wp-block-button__link has-accent-background-color has-background\" href=\"https:\/\/www.xgestevo.net\/instaladores\/Instalador%20XgestEvo.exe\" style=\"border-radius:100px\" target=\"_blank\" rel=\"www.google.es noopener\">Descargar XgestEVO<\/a><\/div>\n<\/div>\n\n\n\n<div style=\"height:9px\" aria-hidden=\"true\" class=\"wp-block-spacer\"><\/div>\n\n\n\n<div class=\"wp-block-media-text alignwide is-stacked-on-mobile has-background\" style=\"background:linear-gradient(25deg,rgb(128,208,255) 0%,rgb(255,255,255) 75%)\"><figure class=\"wp-block-media-text__media\"><img loading=\"lazy\" decoding=\"async\" width=\"1014\" height=\"671\" src=\"http:\/\/xgest.desktoppuntocom.es\/xgest\/wp-content\/uploads\/2022\/04\/movilidad.jpg\" alt=\"\" class=\"wp-image-41 size-full\" srcset=\"https:\/\/xgest.desktoppuntocom.es\/xgest\/wp-content\/uploads\/2022\/04\/movilidad.jpg 1014w, https:\/\/xgest.desktoppuntocom.es\/xgest\/wp-content\/uploads\/2022\/04\/movilidad-300x199.jpg 300w, https:\/\/xgest.desktoppuntocom.es\/xgest\/wp-content\/uploads\/2022\/04\/movilidad-768x508.jpg 768w\" sizes=\"auto, (max-width: 1014px) 100vw, 1014px\" \/><\/figure><div class=\"wp-block-media-text__content\">\n<h2 class=\"wp-block-heading\" id=\"gestion-comercial\">Gesti\u00f3n comercial<\/h2>\n\n\n\n<ul class=\"wp-block-list\"><li>Multiempresa\/Multialmac\u00e9n.<\/li><li>M\u00faltiples series de documentos.<\/li><li>Control de cajas de cobros a clientes.<\/li><li>Control de riesgos de clientes en tiempo real.<\/li><li>Multiejercicio, acceso en l\u00ednea a todos los datos.<\/li><li>Inversi\u00f3n del sujeto pasivo.<\/li><li>Gesti\u00f3n de n\u00fameros de serie.<\/li><li>Reservas de pedidos de clientes.<\/li><li>Gesti\u00f3n de trazabilidad.<\/li><li>Art\u00edculos compuestos.<\/li><li>Fabricaciones y montajes (integraciones).<\/li><li>Incidencias de clientes y proveedores.<\/li><li>Servicio t\u00e9cnico y RMA.<\/li><li>Gesti\u00f3n de remesas de env\u00edo de materiales.<\/li><li>Generaci\u00f3n directa de remesas de recibos SEPA XML.<\/li><li>Facturaci\u00f3n Electr\u00f3nica (FACTURAE) y firma digital de facturas.<\/li><\/ul>\n<\/div><\/div>\n\n\n\n<div style=\"height:9px\" aria-hidden=\"true\" class=\"wp-block-spacer\"><\/div>\n\n\n\n<div class=\"wp-block-media-text alignwide has-media-on-the-right is-stacked-on-mobile is-image-fill has-background\" style=\"background:linear-gradient(-25deg,rgb(128,208,255) 0%,rgb(255,255,255) 75%)\"><figure class=\"wp-block-media-text__media\" style=\"background-image:url(http:\/\/xgest.desktoppuntocom.es\/xgest\/wp-content\/uploads\/2022\/04\/olap.jpg);background-position:50% 50%\"><img loading=\"lazy\" decoding=\"async\" width=\"1014\" height=\"676\" src=\"http:\/\/xgest.desktoppuntocom.es\/xgest\/wp-content\/uploads\/2022\/04\/olap.jpg\" alt=\"\" class=\"wp-image-42 size-full\" srcset=\"https:\/\/xgest.desktoppuntocom.es\/xgest\/wp-content\/uploads\/2022\/04\/olap.jpg 1014w, https:\/\/xgest.desktoppuntocom.es\/xgest\/wp-content\/uploads\/2022\/04\/olap-300x200.jpg 300w, https:\/\/xgest.desktoppuntocom.es\/xgest\/wp-content\/uploads\/2022\/04\/olap-768x512.jpg 768w\" sizes=\"auto, (max-width: 1014px) 100vw, 1014px\" \/><\/figure><div class=\"wp-block-media-text__content\">\n<h2 class=\"wp-block-heading\" id=\"contabilidad\">Contabilidad<\/h2>\n\n\n\n<ul class=\"wp-block-list\"><li>Multiempresa.<\/li><li>Multiejercicio.<\/li><li>Diarios m\u00faltiples (hasta 10).<\/li><li>Cartera de pagos a proveedores.<\/li><li>Enlaces contables desde Gesti\u00f3n Comercial.<\/li><li>Carteras de I.V.A. separadas seg\u00fan legislaci\u00f3n actualizada.<\/li><li>Balances oficiales.<\/li><li>Diarios oficiales detallados o resumidos.<\/li><li>Clientes y proveedores sincronizados con gesti\u00f3n comercial.<\/li><li>Exportaciones a Excel.<\/li><li>Contabilidad anal\u00edtica.<\/li><li>Punteos multiejercicio.<\/li><li>Cierres y regularizaciones autom\u00e1ticos.<\/li><li>Cambios de c\u00f3digos de cuentas.<\/li><li>Contabilizaci\u00f3n asistida de facturas ordinarias, intracomunitarias y de inversi\u00f3n del sujeto pasivo.<\/li><li>SII &#8211; Presentaci\u00f3n directa de facturas en el Suministro Inmediato de Informaci\u00f3n del IVA.<\/li><\/ul>\n<\/div><\/div>\n\n\n\n<div style=\"height:9px\" aria-hidden=\"true\" class=\"wp-block-spacer\"><\/div>\n\n\n\n<div class=\"wp-block-media-text alignwide is-stacked-on-mobile is-image-fill has-background\" style=\"background:linear-gradient(25deg,rgb(128,208,255) 0%,rgb(255,255,255) 75%)\"><figure class=\"wp-block-media-text__media\" style=\"background-image:url(http:\/\/xgest.desktoppuntocom.es\/xgest\/wp-content\/uploads\/2022\/04\/TPV.jpg);background-position:50% 50%\"><img loading=\"lazy\" decoding=\"async\" width=\"1014\" height=\"676\" src=\"http:\/\/xgest.desktoppuntocom.es\/xgest\/wp-content\/uploads\/2022\/04\/TPV.jpg\" alt=\"\" class=\"wp-image-44 size-full\" srcset=\"https:\/\/xgest.desktoppuntocom.es\/xgest\/wp-content\/uploads\/2022\/04\/TPV.jpg 1014w, https:\/\/xgest.desktoppuntocom.es\/xgest\/wp-content\/uploads\/2022\/04\/TPV-300x200.jpg 300w, https:\/\/xgest.desktoppuntocom.es\/xgest\/wp-content\/uploads\/2022\/04\/TPV-768x512.jpg 768w\" sizes=\"auto, (max-width: 1014px) 100vw, 1014px\" \/><\/figure><div class=\"wp-block-media-text__content\">\n<h2 class=\"wp-block-heading\" id=\"contabilidad\">TPV<\/h2>\n\n\n\n<ul class=\"wp-block-list\"><li>Conexiones locales o remotas.<\/li><li>Trabajo sin conexi\u00f3n \/ con conexi\u00f3n f\u00e1cilmente intercambiable.<\/li><li>M\u00faltiples cajas.<\/li><li>M\u00faltiples c\u00f3digos alternativos de productos.<\/li><li>Res\u00famenes y detalles de tickets por distintos conceptos (secciones, usuarios, etc.).<\/li><li>Gesti\u00f3n de n\u00fameros de serie.<\/li><li>Cuentas simples de clientes.<\/li><li>Stocks en tiempo real.<\/li><li>Conexi\u00f3n de caj\u00f3n portamonedas.<\/li><li>Conexi\u00f3n a display.<\/li><li>Control de b\u00e1scula.<\/li><li>Conexi\u00f3n a TPV de pago por tarjeta.<\/li><li>Posibilidad de conexi\u00f3n de visor de precios en lineales (cable \u00f3 WiFi).<\/li><\/ul>\n<\/div><\/div>\n\n\n\n<div style=\"height:9px\" aria-hidden=\"true\" class=\"wp-block-spacer\"><\/div>\n\n\n\n<div class=\"wp-block-media-text alignwide has-media-on-the-right is-stacked-on-mobile is-image-fill has-background\" style=\"background:linear-gradient(-25deg,rgb(128,208,255) 0%,rgb(255,255,255) 75%)\"><figure class=\"wp-block-media-text__media\" style=\"background-image:url(http:\/\/xgest.desktoppuntocom.es\/xgest\/wp-content\/uploads\/2022\/04\/movilidad.jpg);background-position:50% 50%\"><img loading=\"lazy\" decoding=\"async\" width=\"1014\" height=\"671\" src=\"http:\/\/xgest.desktoppuntocom.es\/xgest\/wp-content\/uploads\/2022\/04\/movilidad.jpg\" alt=\"\" class=\"wp-image-41 size-full\" srcset=\"https:\/\/xgest.desktoppuntocom.es\/xgest\/wp-content\/uploads\/2022\/04\/movilidad.jpg 1014w, https:\/\/xgest.desktoppuntocom.es\/xgest\/wp-content\/uploads\/2022\/04\/movilidad-300x199.jpg 300w, https:\/\/xgest.desktoppuntocom.es\/xgest\/wp-content\/uploads\/2022\/04\/movilidad-768x508.jpg 768w\" sizes=\"auto, (max-width: 1014px) 100vw, 1014px\" \/><\/figure><div class=\"wp-block-media-text__content\">\n<h2 class=\"wp-block-heading\" id=\"contabilidad\">Movilidad<\/h2>\n\n\n\n<ul class=\"wp-block-list\"><li><strong>Gesti\u00f3n de almac\u00e9n (online).<\/strong><\/li><li>Preparaci\u00f3n de pedidos de clientes.<\/li><li>Recogida de datos para inventarios, traspasos, impresi\u00f3n de etiquetas&#8230;<\/li><li>Creaci\u00f3n de presupuestos y albaranes de clientes.<\/li><li>Entradas y devoluciones de proveedores.<\/li><li><strong>Autoventa y preventa (offline).&nbsp;<\/strong><\/li><li>Gesti\u00f3n OFFLINE (no necesita conexi\u00f3n permanente, solo para sincronizar datos).<\/li><li>Se sincronizan los datos principales de clientes y art\u00edculos.<\/li><li>Podemos confeccionar presupuestos, pedidos. albaranes y facturas directamente.<\/li><li>Gesti\u00f3n de cobros pendientes, material pendiente de servir, hist\u00f3rico de ventas,rutas, fotos de art\u00edculos, etc.<\/li><\/ul>\n<\/div><\/div>\n\n\n\n<div style=\"height:9px\" aria-hidden=\"true\" class=\"wp-block-spacer\"><\/div>\n\n\n\n<div class=\"wp-block-media-text alignwide is-stacked-on-mobile is-image-fill has-background\" style=\"background:linear-gradient(25deg,rgb(128,208,255) 0%,rgb(255,255,255) 75%)\"><figure class=\"wp-block-media-text__media\" style=\"background-image:url(http:\/\/xgest.desktoppuntocom.es\/xgest\/wp-content\/uploads\/2022\/04\/tienda.jpg);background-position:50% 50%\"><img loading=\"lazy\" decoding=\"async\" width=\"1014\" height=\"570\" src=\"http:\/\/xgest.desktoppuntocom.es\/xgest\/wp-content\/uploads\/2022\/04\/tienda.jpg\" alt=\"\" class=\"wp-image-43 size-full\" srcset=\"https:\/\/xgest.desktoppuntocom.es\/xgest\/wp-content\/uploads\/2022\/04\/tienda.jpg 1014w, https:\/\/xgest.desktoppuntocom.es\/xgest\/wp-content\/uploads\/2022\/04\/tienda-300x169.jpg 300w, https:\/\/xgest.desktoppuntocom.es\/xgest\/wp-content\/uploads\/2022\/04\/tienda-768x432.jpg 768w\" sizes=\"auto, (max-width: 1014px) 100vw, 1014px\" \/><\/figure><div class=\"wp-block-media-text__content\">\n<h2 class=\"wp-block-heading\" id=\"contabilidad\">Tienda WEB y Extranet<\/h2>\n\n\n\n<p>La tienda web\/extranet Xweb es una opci\u00f3n adicional de XgestEvo que integra un entorno web apoyado sobre los mismos datos que maneja XgestEvo, ya sea en tiempo real (la web se instala en la misma red que el servidor de datos \u00f3 en el propio servidor) \u00f3 mediante tareas de sincronizaci\u00f3n ejecutadas manualmente por el administrador (si la web se aloja en un hosting propiedad de la empresa).<\/p>\n\n\n\n<p><strong>Los usos de la web pueden ser:<br>Tienda web<\/strong>, integrando los pedidos autom\u00e1ticamente en XgestEvo, con notificaciones por mail, distintas formas de pago (incluida PayPal) etc\u2026<br><strong>Escaparate publicitario<\/strong>&nbsp;de sus productos.<br><strong>Extranet de clientes<\/strong>, con una gran cantidad de informaci\u00f3n detallada a su cliente acerca de todos sus documentos, estado de env\u00edos, descarga de facturas, informaci\u00f3n del 347, formularios de contacto\u2026<\/p>\n<\/div><\/div>\n\n\n\n<div style=\"height:9px\" aria-hidden=\"true\" class=\"wp-block-spacer\"><\/div>\n\n\n\n<div class=\"wp-block-media-text alignwide has-media-on-the-right is-stacked-on-mobile is-image-fill has-background\" style=\"background:linear-gradient(-25deg,rgb(128,208,255) 0%,rgb(255,255,255) 75%)\"><figure class=\"wp-block-media-text__media\" style=\"background-image:url(http:\/\/xgest.desktoppuntocom.es\/xgest\/wp-content\/uploads\/2022\/04\/gestion-documentos-arriba.jpg);background-position:50% 50%\"><img loading=\"lazy\" decoding=\"async\" width=\"1014\" height=\"676\" src=\"http:\/\/xgest.desktoppuntocom.es\/xgest\/wp-content\/uploads\/2022\/04\/gestion-documentos-arriba.jpg\" alt=\"\" class=\"wp-image-39 size-full\" srcset=\"https:\/\/xgest.desktoppuntocom.es\/xgest\/wp-content\/uploads\/2022\/04\/gestion-documentos-arriba.jpg 1014w, https:\/\/xgest.desktoppuntocom.es\/xgest\/wp-content\/uploads\/2022\/04\/gestion-documentos-arriba-300x200.jpg 300w, https:\/\/xgest.desktoppuntocom.es\/xgest\/wp-content\/uploads\/2022\/04\/gestion-documentos-arriba-768x512.jpg 768w\" sizes=\"auto, (max-width: 1014px) 100vw, 1014px\" \/><\/figure><div class=\"wp-block-media-text__content\">\n<h2 class=\"wp-block-heading\" id=\"contabilidad\">Gesti\u00f3n documental<\/h2>\n\n\n\n<p>La mejor forma de centralizar todos sus documentos e integrarlos dentro de XgestEvo es usando el sistema de Gesti\u00f3n Documental.<\/p>\n\n\n\n<p>Podr\u00e1 tener acceso a todos los documentos que estar\u00e1n totalmente localizados al instante, sin la p\u00e9rdida de tiempo y recursos que supone la b\u00fasqueda en papel de estos documentos.<\/p>\n\n\n\n<p>Organice todos sus documentos integr\u00e1ndolos directamente en alguno de los apartados disponibles: ficha de cliente, art\u00edculo \u00f3 proveedor, documento de cliente \u00f3 proveedor, etc\u2026<\/p>\n\n\n\n<p>Permite adjuntar documentos en cualquier formato (PDF, Word, Excel\u2026) o escanear documentos directamente desde XgestEvo. Podr\u00e1 incluir f\u00e1cilmente una factura de proveedor escaneada en el momento que la introduzca, una hoja de c\u00e1lculo Excel con informaci\u00f3n sobre el cliente.<\/p>\n<\/div><\/div>\n\n\n\n<div style=\"height:9px\" aria-hidden=\"true\" class=\"wp-block-spacer\"><\/div>\n\n\n\n<div class=\"wp-block-media-text alignwide is-stacked-on-mobile is-image-fill has-background\" style=\"background:linear-gradient(25deg,rgb(128,208,255) 0%,rgb(255,255,255) 75%)\"><figure class=\"wp-block-media-text__media\" style=\"background-image:url(http:\/\/xgest.desktoppuntocom.es\/xgest\/wp-content\/uploads\/2022\/04\/olap.jpg);background-position:50% 50%\"><img loading=\"lazy\" decoding=\"async\" width=\"1014\" height=\"676\" src=\"http:\/\/xgest.desktoppuntocom.es\/xgest\/wp-content\/uploads\/2022\/04\/olap.jpg\" alt=\"\" class=\"wp-image-42 size-full\" srcset=\"https:\/\/xgest.desktoppuntocom.es\/xgest\/wp-content\/uploads\/2022\/04\/olap.jpg 1014w, https:\/\/xgest.desktoppuntocom.es\/xgest\/wp-content\/uploads\/2022\/04\/olap-300x200.jpg 300w, https:\/\/xgest.desktoppuntocom.es\/xgest\/wp-content\/uploads\/2022\/04\/olap-768x512.jpg 768w\" sizes=\"auto, (max-width: 1014px) 100vw, 1014px\" \/><\/figure><div class=\"wp-block-media-text__content\">\n<h2 class=\"wp-block-heading\" id=\"contabilidad\">Cubos OLAP<\/h2>\n\n\n\n<p>O.L.A.P. \u2013 Procesamiento Anal\u00edtico en L\u00ednea.<\/p>\n\n\n\n<p>El objetivo del sistema de cubos OLAP es agilizar la consulta de grandes cantidades de datos. A diferencia de los informes, en los que la informaci\u00f3n se muestra de una manera est\u00e1tica, la visualizaci\u00f3n de este tipo de datos es totalmente din\u00e1mica, pudiendo hacer una configuraci\u00f3n personalizada de c\u00f3mo visualizar estos datos de la forma que m\u00e1s nos interese.<\/p>\n\n\n\n<p>La gran potencia del proceso de datos por medio de este tipo de informes permite obtener gran cantidad de datos, por ejemplo de a\u00f1os enteros, y visualizar los resultados f\u00e1cilmente desde una sola pantalla, visualizando totales, parciales\u2026<\/p>\n<\/div><\/div>\n\n\n\n<div style=\"height:9px\" aria-hidden=\"true\" class=\"wp-block-spacer\"><\/div>\n\n\n\n<div class=\"wp-block-media-text alignwide has-media-on-the-right is-stacked-on-mobile is-image-fill has-background\" style=\"background:linear-gradient(-25deg,rgb(128,208,255) 0%,rgb(255,255,255) 75%)\"><figure class=\"wp-block-media-text__media\" style=\"background-image:url(http:\/\/xgest.desktoppuntocom.es\/xgest\/wp-content\/uploads\/2022\/04\/gestion-documentos.jpg);background-position:50% 50%\"><img loading=\"lazy\" decoding=\"async\" width=\"1014\" height=\"676\" src=\"http:\/\/xgest.desktoppuntocom.es\/xgest\/wp-content\/uploads\/2022\/04\/gestion-documentos.jpg\" alt=\"\" class=\"wp-image-40 size-full\" srcset=\"https:\/\/xgest.desktoppuntocom.es\/xgest\/wp-content\/uploads\/2022\/04\/gestion-documentos.jpg 1014w, https:\/\/xgest.desktoppuntocom.es\/xgest\/wp-content\/uploads\/2022\/04\/gestion-documentos-300x200.jpg 300w, https:\/\/xgest.desktoppuntocom.es\/xgest\/wp-content\/uploads\/2022\/04\/gestion-documentos-768x512.jpg 768w\" sizes=\"auto, (max-width: 1014px) 100vw, 1014px\" \/><\/figure><div class=\"wp-block-media-text__content\">\n<h2 class=\"wp-block-heading\" id=\"contabilidad\">Gesti\u00f3n documental<\/h2>\n\n\n\n<p id=\"existen-mas-procesos-disponibles-en-xgestevo-como-por-ejemplo\">Existen m\u00e1s procesos disponibles en XgestEvo, como por ejemplo:<br><br>Partes de Trabajo.<br>Control de Presencia.<br>CRM.<br>etc&#8230;<\/p>\n<\/div><\/div>\n\n\n\n<div style=\"height:9px\" aria-hidden=\"true\" class=\"wp-block-spacer\"><\/div>\n\n\n\n<div class=\"wp-block-buttons alignfull is-content-justification-center is-layout-flex wp-container-core-buttons-is-layout-16018d1d wp-block-buttons-is-layout-flex\">\n<div class=\"wp-block-button\"><a class=\"wp-block-button__link has-accent-background-color has-background\" href=\"https:\/\/www.xgestevo.net\/instaladores\/Instalador%20XgestEvo.exe\" style=\"border-radius:100px\" target=\"_blank\" rel=\"www.google.es noopener\">Descargar XgestEVO<\/a><\/div>\n<\/div>\n","protected":false},"excerpt":{"rendered":"<p>Gesti\u00f3n comercial Multiempresa\/Multialmac\u00e9n. M\u00faltiples series de documentos. Control de cajas de cobros a clientes. Control de riesgos de clientes en tiempo real. Multiejercicio, acceso en l\u00ednea a todos los datos. Inversi\u00f3n del sujeto pasivo. Gesti\u00f3n de n\u00fameros de serie. Reservas de pedidos de clientes. Gesti\u00f3n de trazabilidad. Art\u00edculos compuestos. Fabricaciones y montajes (integraciones). Incidencias de &#8230; <a title=\"Por que usar XgestEVO\" class=\"read-more\" href=\"https:\/\/xgest.desktoppuntocom.es\/xgest\/\" aria-label=\"M\u00e1s en Por que usar XgestEVO\">Leer m\u00e1s<\/a><\/p>\n","protected":false},"author":1,"featured_media":0,"parent":0,"menu_order":0,"comment_status":"closed","ping_status":"closed","template":"","meta":{"footnotes":""},"class_list":["post-29","page","type-page","status-publish"],"_links":{"self":[{"href":"https:\/\/xgest.desktoppuntocom.es\/xgest\/index.php\/wp-json\/wp\/v2\/pages\/29","targetHints":{"allow":["GET"]}}],"collection":[{"href":"https:\/\/xgest.desktoppuntocom.es\/xgest\/index.php\/wp-json\/wp\/v2\/pages"}],"about":[{"href":"https:\/\/xgest.desktoppuntocom.es\/xgest\/index.php\/wp-json\/wp\/v2\/types\/page"}],"author":[{"embeddable":true,"href":"https:\/\/xgest.desktoppuntocom.es\/xgest\/index.php\/wp-json\/wp\/v2\/users\/1"}],"replies":[{"embeddable":true,"href":"https:\/\/xgest.desktoppuntocom.es\/xgest\/index.php\/wp-json\/wp\/v2\/comments?post=29"}],"version-history":[{"count":1,"href":"https:\/\/xgest.desktoppuntocom.es\/xgest\/index.php\/wp-json\/wp\/v2\/pages\/29\/revisions"}],"predecessor-version":[{"id":46,"href":"https:\/\/xgest.desktoppuntocom.es\/xgest\/index.php\/wp-json\/wp\/v2\/pages\/29\/revisions\/46"}],"wp:attachment":[{"href":"https:\/\/xgest.desktoppuntocom.es\/xgest\/index.php\/wp-json\/wp\/v2\/media?parent=29"}],"curies":[{"name":"wp","href":"https:\/\/api.w.org\/{rel}","templated":true}]}}